{"id":854,"date":"2016-02-22T15:56:02","date_gmt":"2016-02-22T13:56:02","guid":{"rendered":"https:\/\/augustaparos.gr\/sistemazione\/"},"modified":"2019-12-01T14:13:24","modified_gmt":"2019-12-01T12:13:24","slug":"sistemazione","status":"publish","type":"page","link":"https:\/\/augustaparos.gr\/it\/sistemazione\/","title":{"rendered":"Sistemazione"},"content":{"rendered":"\n<p><strong>\u201cAugusta Studios\u201d \u00e8 una piccola impresa a gestione familiare situata a Naousa, un paese immerso nell\u2019ambiente tradizionale dei Cicladi, nell\u2019isola di Paros.<\/strong><\/p>\n\n<p><strong>Il nostro alloggio offre un piacevole soggiorno in studio per 2, 3 o pi\u00f9 persone &#8211;<\/strong>\u00e8 possibile aggiungere pi\u00f9 letti a seconda della disponibilit\u00e0. Inoltre si pu\u00f2 avere un box per bambini senza spese aggiuntive. Tutti gli studio sono equipaggiati con aria condizionata, TV, cucine con tutta l\u2019attrezzatura necessaria la quale copre tutte le vostre esigenze (i.e. tostapane), bagno personale con doccia , terrazza o balcone indipendente, connessione WiFi, gratuita, che copre tutto l\u2019edificio offrendo la possibilit\u00e0 di collegarsi dagli studio oppure da tutti gli altri luoghi di Augusta Studios.<\/p>\n\n<p><strong>Alcuni degli studio hanno la vista sul sensazionale Golfo di Naousa, con il piccolo porto ed il castello Veneziano.<\/strong> <\/p>\n\n<p><strong>Soggiornando da noi avrete accesso immediato alle due &#13;\nspiagge pi\u00f9 vicine a Naousa, Piperi e Piperaki \u2013 visto che Augusta Studios \u00e8 situato a quasi 100m &#13;\nda ognuna delle due spiagge.<\/strong> A 5 minuti a piedi si trova la piazza centrale del paese con il porto Veneziano, dove batte il cuore del divertimento notturno dell\u2019isola.<\/p>\n\n<p>Vicino al nostro alloggio troverete dei mini market e vari altri negozi, &#13;\nuna fermata d\u2019autobus dalla quale potete andare al porto di Paroikia&#13;\n ed ovunque nell\u2019isola senza troppa attesa visto che le corse sono frequenti. Naousa \u00e8 una destinazione&#13;\n molto popolare durante i mesi estivi avendo molti &#13;\ne vari negozi, ristoranti, bar e club.<\/p>\n","protected":false},"excerpt":{"rendered":"<p>\u201cAugusta Studios\u201d \u00e8 una piccola impresa a gestione familiare situata a Naousa, un paese immerso nell\u2019ambiente tradizionale dei Cicladi, nell\u2019isola di Paros. Il nostro alloggio offre un piacevole soggiorno in studio per 2, 3 o pi\u00f9 persone &#8211;\u00e8 possibile aggiungere pi\u00f9 letti a seconda della disponibilit\u00e0. Inoltre si pu\u00f2 avere un box per bambini senza [&hellip;]<\/p>\n","protected":false},"author":1,"featured_media":0,"parent":0,"menu_order":0,"comment_status":"closed","ping_status":"closed","template":"template-listing-room.php","meta":{"footnotes":""},"class_list":["post-854","page","type-page","status-publish","hentry"],"_links":{"self":[{"href":"https:\/\/augustaparos.gr\/it\/wp-json\/wp\/v2\/pages\/854","targetHints":{"allow":["GET"]}}],"collection":[{"href":"https:\/\/augustaparos.gr\/it\/wp-json\/wp\/v2\/pages"}],"about":[{"href":"https:\/\/augustaparos.gr\/it\/wp-json\/wp\/v2\/types\/page"}],"author":[{"embeddable":true,"href":"https:\/\/augustaparos.gr\/it\/wp-json\/wp\/v2\/users\/1"}],"replies":[{"embeddable":true,"href":"https:\/\/augustaparos.gr\/it\/wp-json\/wp\/v2\/comments?post=854"}],"version-history":[{"count":5,"href":"https:\/\/augustaparos.gr\/it\/wp-json\/wp\/v2\/pages\/854\/revisions"}],"predecessor-version":[{"id":922,"href":"https:\/\/augustaparos.gr\/it\/wp-json\/wp\/v2\/pages\/854\/revisions\/922"}],"wp:attachment":[{"href":"https:\/\/augustaparos.gr\/it\/wp-json\/wp\/v2\/media?parent=854"}],"curies":[{"name":"wp","href":"https:\/\/api.w.org\/{rel}","templated":true}]}}